{"id":2463,"date":"2022-08-16T13:01:03","date_gmt":"2022-08-16T11:01:03","guid":{"rendered":"https:\/\/valentojobs.com\/?page_id=2463"},"modified":"2025-10-01T11:41:41","modified_gmt":"2025-10-01T09:41:41","slug":"agencje-pracy-w-holandii","status":"publish","type":"page","link":"https:\/\/valentojobs.com\/de\/agencje-pracy-w-holandii\/","title":{"rendered":"Agentur Pracy w Holandii"},"content":{"rendered":"","protected":false},"excerpt":{"rendered":"","protected":false},"author":3,"featured_media":0,"parent":0,"menu_order":0,"comment_status":"closed","ping_status":"closed","template":"","meta":{"_acf_changed":false,"footnotes":""},"class_list":["post-2463","page","type-page","status-publish","hentry"],"acf":[],"yoast_head":"<!-- This site is optimized with the Yoast SEO plugin v26.7 - https:\/\/yoast.com\/wordpress\/plugins\/seo\/ -->\n<title>Agencje Pracy w Holandii - Valento | Vacatures Bouw &amp; Techniek<\/title>\n<meta name=\"description\" content=\"Szukasz agencje pracy w holandii? Valento oferuje prac\u0119 w budownictwie, in\u017cynierii i sprz\u0105taniu.\" \/>\n<meta name=\"robots\" content=\"index, follow, max-snippet:-1, max-image-preview:large, max-video-preview:-1\" \/>\n<link rel=\"canonical\" href=\"https:\/\/valentojobs.com\/de\/agencje-pracy-w-holandii\/\" \/>\n<meta property=\"og:locale\" content=\"de_DE\" \/>\n<meta property=\"og:type\" content=\"article\" \/>\n<meta property=\"og:title\" content=\"Agencje Pracy w Holandii - Valento | Vacatures Bouw &amp; Techniek\" \/>\n<meta property=\"og:description\" content=\"Szukasz agencje pracy w holandii? Valento oferuje prac\u0119 w budownictwie, in\u017cynierii i sprz\u0105taniu.\" \/>\n<meta property=\"og:url\" content=\"https:\/\/valentojobs.com\/de\/agencje-pracy-w-holandii\/\" \/>\n<meta property=\"og:site_name\" content=\"Valento | Vacatures Bouw &amp; Techniek\" \/>\n<meta property=\"article:publisher\" content=\"https:\/\/www.facebook.com\/valentojobs\" \/>\n<meta property=\"article:modified_time\" content=\"2025-10-01T09:41:41+00:00\" \/>\n<meta property=\"og:image\" content=\"https:\/\/valentojobs.com\/wp-content\/uploads\/2021\/11\/bedrijfspand-valento-jobs-sittard.jpg\" \/>\n\t<meta property=\"og:image:width\" content=\"800\" \/>\n\t<meta property=\"og:image:height\" content=\"600\" \/>\n\t<meta property=\"og:image:type\" content=\"image\/jpeg\" \/>\n<meta name=\"twitter:card\" content=\"summary_large_image\" \/>\n<script type=\"application\/ld+json\" class=\"yoast-schema-graph\">{\"@context\":\"https:\/\/schema.org\",\"@graph\":[{\"@type\":\"WebPage\",\"@id\":\"https:\/\/valentojobs.com\/agencje-pracy-w-holandii\/\",\"url\":\"https:\/\/valentojobs.com\/agencje-pracy-w-holandii\/\",\"name\":\"Agencje Pracy w Holandii - Valento | Vacatures Bouw &amp; Techniek\",\"isPartOf\":{\"@id\":\"https:\/\/valentojobs.com\/#website\"},\"datePublished\":\"2022-08-16T11:01:03+00:00\",\"dateModified\":\"2025-10-01T09:41:41+00:00\",\"description\":\"Szukasz agencje pracy w holandii? Valento oferuje prac\u0119 w budownictwie, in\u017cynierii i sprz\u0105taniu.\",\"breadcrumb\":{\"@id\":\"https:\/\/valentojobs.com\/agencje-pracy-w-holandii\/#breadcrumb\"},\"inLanguage\":\"de\",\"potentialAction\":[{\"@type\":\"ReadAction\",\"target\":[\"https:\/\/valentojobs.com\/agencje-pracy-w-holandii\/\"]}]},{\"@type\":\"BreadcrumbList\",\"@id\":\"https:\/\/valentojobs.com\/agencje-pracy-w-holandii\/#breadcrumb\",\"itemListElement\":[{\"@type\":\"ListItem\",\"position\":1,\"name\":\"Home\",\"item\":\"https:\/\/valentojobs.com\/\"},{\"@type\":\"ListItem\",\"position\":2,\"name\":\"Agencje Pracy w Holandii\"}]},{\"@type\":\"WebSite\",\"@id\":\"https:\/\/valentojobs.com\/#website\",\"url\":\"https:\/\/valentojobs.com\/\",\"name\":\"Valento | Vacatures Bouw &amp; Techniek\",\"description\":\"Valento biedt vacatures aan voor vakmensen in de flexbranche, bouw- en technieksector. Tijdelijk of permanent, van leerling tot senior.\",\"publisher\":{\"@id\":\"https:\/\/valentojobs.com\/#organization\"},\"potentialAction\":[{\"@type\":\"SearchAction\",\"target\":{\"@type\":\"EntryPoint\",\"urlTemplate\":\"https:\/\/valentojobs.com\/?s={search_term_string}\"},\"query-input\":{\"@type\":\"PropertyValueSpecification\",\"valueRequired\":true,\"valueName\":\"search_term_string\"}}],\"inLanguage\":\"de\"},{\"@type\":\"Organization\",\"@id\":\"https:\/\/valentojobs.com\/#organization\",\"name\":\"Valento Jobs B.V.\",\"url\":\"https:\/\/valentojobs.com\/\",\"logo\":{\"@type\":\"ImageObject\",\"inLanguage\":\"de\",\"@id\":\"https:\/\/valentojobs.com\/#\/schema\/logo\/image\/\",\"url\":\"https:\/\/valentojobs.com\/wp-content\/uploads\/2022\/01\/logo.svg\",\"contentUrl\":\"https:\/\/valentojobs.com\/wp-content\/uploads\/2022\/01\/logo.svg\",\"width\":\"1024\",\"height\":\"1024\",\"caption\":\"Valento Jobs B.V.\"},\"image\":{\"@id\":\"https:\/\/valentojobs.com\/#\/schema\/logo\/image\/\"},\"sameAs\":[\"https:\/\/www.facebook.com\/valentojobs\",\"https:\/\/www.instagram.com\/valento_jobs\/\",\"https:\/\/www.linkedin.com\/company\/valento\/\"]}]}<\/script>\n<!-- \/ Yoast SEO plugin. -->","yoast_head_json":{"title":"Agencje Pracy w Holandii - Valento | Stellenangebote im Bereich Bauwesen und Ingenieurwesen","description":"Szukasz agencje pracy w holandii? Valento oferuje prac\u0119 w budownictwie, in\u017cynierii i sprz\u0105taniu.","robots":{"index":"index","follow":"follow","max-snippet":"max-snippet:-1","max-image-preview":"max-image-preview:large","max-video-preview":"max-video-preview:-1"},"canonical":"https:\/\/valentojobs.com\/de\/agencje-pracy-w-holandii\/","og_locale":"de_DE","og_type":"article","og_title":"Agencje Pracy w Holandii - Valento | Vacatures Bouw &amp; Techniek","og_description":"Szukasz agencje pracy w holandii? Valento oferuje prac\u0119 w budownictwie, in\u017cynierii i sprz\u0105taniu.","og_url":"https:\/\/valentojobs.com\/de\/agencje-pracy-w-holandii\/","og_site_name":"Valento | Vacatures Bouw &amp; Techniek","article_publisher":"https:\/\/www.facebook.com\/valentojobs","article_modified_time":"2025-10-01T09:41:41+00:00","og_image":[{"width":800,"height":600,"url":"https:\/\/valentojobs.com\/wp-content\/uploads\/2021\/11\/bedrijfspand-valento-jobs-sittard.jpg","type":"image\/jpeg"}],"twitter_card":"summary_large_image","schema":{"@context":"https:\/\/schema.org","@graph":[{"@type":"WebPage","@id":"https:\/\/valentojobs.com\/agencje-pracy-w-holandii\/","url":"https:\/\/valentojobs.com\/agencje-pracy-w-holandii\/","name":"Agencje Pracy w Holandii - Valento | Stellenangebote im Bereich Bauwesen und Ingenieurwesen","isPartOf":{"@id":"https:\/\/valentojobs.com\/#website"},"datePublished":"2022-08-16T11:01:03+00:00","dateModified":"2025-10-01T09:41:41+00:00","description":"Szukasz agencje pracy w holandii? Valento oferuje prac\u0119 w budownictwie, in\u017cynierii i sprz\u0105taniu.","breadcrumb":{"@id":"https:\/\/valentojobs.com\/agencje-pracy-w-holandii\/#breadcrumb"},"inLanguage":"de","potentialAction":[{"@type":"ReadAction","target":["https:\/\/valentojobs.com\/agencje-pracy-w-holandii\/"]}]},{"@type":"BreadcrumbList","@id":"https:\/\/valentojobs.com\/agencje-pracy-w-holandii\/#breadcrumb","itemListElement":[{"@type":"ListItem","position":1,"name":"Home","item":"https:\/\/valentojobs.com\/"},{"@type":"ListItem","position":2,"name":"Agencje Pracy w Holandii"}]},{"@type":"WebSite","@id":"https:\/\/valentojobs.com\/#website","url":"https:\/\/valentojobs.com\/","name":"Valento | Stellenangebote Bau &amp; Technik","description":"Valento bietet freie Stellen f\u00fcr Fachleute aus den Bereichen Flex, Bau und Technik. Befristet oder unbefristet, vom Lehrling bis zum Senior.","publisher":{"@id":"https:\/\/valentojobs.com\/#organization"},"potentialAction":[{"@type":"SearchAction","target":{"@type":"EntryPoint","urlTemplate":"https:\/\/valentojobs.com\/?s={search_term_string}"},"query-input":{"@type":"PropertyValueSpecification","valueRequired":true,"valueName":"search_term_string"}}],"inLanguage":"de"},{"@type":"Organization","@id":"https:\/\/valentojobs.com\/#organization","name":"Valento Jobs B.V.","url":"https:\/\/valentojobs.com\/","logo":{"@type":"ImageObject","inLanguage":"de","@id":"https:\/\/valentojobs.com\/#\/schema\/logo\/image\/","url":"https:\/\/valentojobs.com\/wp-content\/uploads\/2022\/01\/logo.svg","contentUrl":"https:\/\/valentojobs.com\/wp-content\/uploads\/2022\/01\/logo.svg","width":"1024","height":"1024","caption":"Valento Jobs B.V."},"image":{"@id":"https:\/\/valentojobs.com\/#\/schema\/logo\/image\/"},"sameAs":["https:\/\/www.facebook.com\/valentojobs","https:\/\/www.instagram.com\/valento_jobs\/","https:\/\/www.linkedin.com\/company\/valento\/"]}]}},"_links":{"self":[{"href":"https:\/\/valentojobs.com\/de\/wp-json\/wp\/v2\/pages\/2463","targetHints":{"allow":["GET"]}}],"collection":[{"href":"https:\/\/valentojobs.com\/de\/wp-json\/wp\/v2\/pages"}],"about":[{"href":"https:\/\/valentojobs.com\/de\/wp-json\/wp\/v2\/types\/page"}],"author":[{"embeddable":true,"href":"https:\/\/valentojobs.com\/de\/wp-json\/wp\/v2\/users\/3"}],"replies":[{"embeddable":true,"href":"https:\/\/valentojobs.com\/de\/wp-json\/wp\/v2\/comments?post=2463"}],"version-history":[{"count":68,"href":"https:\/\/valentojobs.com\/de\/wp-json\/wp\/v2\/pages\/2463\/revisions"}],"predecessor-version":[{"id":5064,"href":"https:\/\/valentojobs.com\/de\/wp-json\/wp\/v2\/pages\/2463\/revisions\/5064"}],"wp:attachment":[{"href":"https:\/\/valentojobs.com\/de\/wp-json\/wp\/v2\/media?parent=2463"}],"curies":[{"name":"wp","href":"https:\/\/api.w.org\/{rel}","templated":true}]}}