{"id":1464,"date":"2021-11-30T12:17:09","date_gmt":"2021-11-30T11:17:09","guid":{"rendered":"https:\/\/valentojobs.com\/?page_id=1464"},"modified":"2024-07-25T08:21:39","modified_gmt":"2024-07-25T06:21:39","slug":"vraag-een-offerte-aan","status":"publish","type":"page","link":"https:\/\/valentojobs.com\/pl\/vraag-een-offerte-aan\/","title":{"rendered":"Zapytaj o ofert\u0119"},"content":{"rendered":"","protected":false},"excerpt":{"rendered":"","protected":false},"author":1,"featured_media":0,"parent":0,"menu_order":0,"comment_status":"closed","ping_status":"closed","template":"","meta":{"_acf_changed":false,"footnotes":""},"class_list":["post-1464","page","type-page","status-publish","hentry"],"acf":[],"yoast_head":"<!-- This site is optimized with the Yoast SEO plugin v26.7 - https:\/\/yoast.com\/wordpress\/plugins\/seo\/ -->\n<title>Vraag een offerte aan - Valento | Vacatures Bouw &amp; Techniek<\/title>\n<meta name=\"description\" content=\"Met dit formulier vraag je meteen een offerte op voor persoonsbemiddeling middels uitzenden, detachen of werving en selectie.\" \/>\n<meta name=\"robots\" content=\"index, follow, max-snippet:-1, max-image-preview:large, max-video-preview:-1\" \/>\n<link rel=\"canonical\" href=\"https:\/\/valentojobs.com\/pl\/vraag-een-offerte-aan\/\" \/>\n<meta property=\"og:locale\" content=\"pl_PL\" \/>\n<meta property=\"og:type\" content=\"article\" \/>\n<meta property=\"og:title\" content=\"Vraag een offerte aan - Valento | Vacatures Bouw &amp; Techniek\" \/>\n<meta property=\"og:description\" content=\"Met dit formulier vraag je meteen een offerte op voor persoonsbemiddeling middels uitzenden, detachen of werving en selectie.\" \/>\n<meta property=\"og:url\" content=\"https:\/\/valentojobs.com\/pl\/vraag-een-offerte-aan\/\" \/>\n<meta property=\"og:site_name\" content=\"Valento | Vacatures Bouw &amp; Techniek\" \/>\n<meta property=\"article:publisher\" content=\"https:\/\/www.facebook.com\/valentojobs\" \/>\n<meta property=\"article:modified_time\" content=\"2024-07-25T06:21:39+00:00\" \/>\n<meta property=\"og:image\" content=\"https:\/\/valentojobs.com\/wp-content\/uploads\/2021\/11\/bedrijfspand-valento-jobs-sittard.jpg\" \/>\n\t<meta property=\"og:image:width\" content=\"800\" \/>\n\t<meta property=\"og:image:height\" content=\"600\" \/>\n\t<meta property=\"og:image:type\" content=\"image\/jpeg\" \/>\n<meta name=\"twitter:card\" content=\"summary_large_image\" \/>\n<script type=\"application\/ld+json\" class=\"yoast-schema-graph\">{\"@context\":\"https:\/\/schema.org\",\"@graph\":[{\"@type\":\"WebPage\",\"@id\":\"https:\/\/valentojobs.com\/vraag-een-offerte-aan\/\",\"url\":\"https:\/\/valentojobs.com\/vraag-een-offerte-aan\/\",\"name\":\"Vraag een offerte aan - Valento | Vacatures Bouw &amp; Techniek\",\"isPartOf\":{\"@id\":\"https:\/\/valentojobs.com\/#website\"},\"datePublished\":\"2021-11-30T11:17:09+00:00\",\"dateModified\":\"2024-07-25T06:21:39+00:00\",\"description\":\"Met dit formulier vraag je meteen een offerte op voor persoonsbemiddeling middels uitzenden, detachen of werving en selectie.\",\"breadcrumb\":{\"@id\":\"https:\/\/valentojobs.com\/vraag-een-offerte-aan\/#breadcrumb\"},\"inLanguage\":\"pl-PL\",\"potentialAction\":[{\"@type\":\"ReadAction\",\"target\":[\"https:\/\/valentojobs.com\/vraag-een-offerte-aan\/\"]}]},{\"@type\":\"BreadcrumbList\",\"@id\":\"https:\/\/valentojobs.com\/vraag-een-offerte-aan\/#breadcrumb\",\"itemListElement\":[{\"@type\":\"ListItem\",\"position\":1,\"name\":\"Home\",\"item\":\"https:\/\/valentojobs.com\/\"},{\"@type\":\"ListItem\",\"position\":2,\"name\":\"Vraag een offerte aan\"}]},{\"@type\":\"WebSite\",\"@id\":\"https:\/\/valentojobs.com\/#website\",\"url\":\"https:\/\/valentojobs.com\/\",\"name\":\"Valento | Vacatures Bouw &amp; Techniek\",\"description\":\"Valento biedt vacatures aan voor vakmensen in de flexbranche, bouw- en technieksector. Tijdelijk of permanent, van leerling tot senior.\",\"publisher\":{\"@id\":\"https:\/\/valentojobs.com\/#organization\"},\"potentialAction\":[{\"@type\":\"SearchAction\",\"target\":{\"@type\":\"EntryPoint\",\"urlTemplate\":\"https:\/\/valentojobs.com\/?s={search_term_string}\"},\"query-input\":{\"@type\":\"PropertyValueSpecification\",\"valueRequired\":true,\"valueName\":\"search_term_string\"}}],\"inLanguage\":\"pl-PL\"},{\"@type\":\"Organization\",\"@id\":\"https:\/\/valentojobs.com\/#organization\",\"name\":\"Valento Jobs B.V.\",\"url\":\"https:\/\/valentojobs.com\/\",\"logo\":{\"@type\":\"ImageObject\",\"inLanguage\":\"pl-PL\",\"@id\":\"https:\/\/valentojobs.com\/#\/schema\/logo\/image\/\",\"url\":\"https:\/\/valentojobs.com\/wp-content\/uploads\/2022\/01\/logo.svg\",\"contentUrl\":\"https:\/\/valentojobs.com\/wp-content\/uploads\/2022\/01\/logo.svg\",\"width\":\"1024\",\"height\":\"1024\",\"caption\":\"Valento Jobs B.V.\"},\"image\":{\"@id\":\"https:\/\/valentojobs.com\/#\/schema\/logo\/image\/\"},\"sameAs\":[\"https:\/\/www.facebook.com\/valentojobs\",\"https:\/\/www.instagram.com\/valento_jobs\/\",\"https:\/\/www.linkedin.com\/company\/valento\/\"]}]}<\/script>\n<!-- \/ Yoast SEO plugin. -->","yoast_head_json":{"title":"Zapytaj o ofert\u0119 - Valento | Budownictwo i in\u017cynieria Praca","description":"Skorzystaj z tego formularza, aby poprosi\u0107 o natychmiastow\u0105 ofert\u0119 osobistej mediacji poprzez zatrudnienie, oddelegowanie lub rekrutacj\u0119.","robots":{"index":"index","follow":"follow","max-snippet":"max-snippet:-1","max-image-preview":"max-image-preview:large","max-video-preview":"max-video-preview:-1"},"canonical":"https:\/\/valentojobs.com\/pl\/vraag-een-offerte-aan\/","og_locale":"pl_PL","og_type":"article","og_title":"Vraag een offerte aan - Valento | Vacatures Bouw &amp; Techniek","og_description":"Met dit formulier vraag je meteen een offerte op voor persoonsbemiddeling middels uitzenden, detachen of werving en selectie.","og_url":"https:\/\/valentojobs.com\/pl\/vraag-een-offerte-aan\/","og_site_name":"Valento | Vacatures Bouw &amp; Techniek","article_publisher":"https:\/\/www.facebook.com\/valentojobs","article_modified_time":"2024-07-25T06:21:39+00:00","og_image":[{"width":800,"height":600,"url":"https:\/\/valentojobs.com\/wp-content\/uploads\/2021\/11\/bedrijfspand-valento-jobs-sittard.jpg","type":"image\/jpeg"}],"twitter_card":"summary_large_image","schema":{"@context":"https:\/\/schema.org","@graph":[{"@type":"WebPage","@id":"https:\/\/valentojobs.com\/vraag-een-offerte-aan\/","url":"https:\/\/valentojobs.com\/vraag-een-offerte-aan\/","name":"Zapytaj o ofert\u0119 - Valento | Budownictwo i in\u017cynieria Praca","isPartOf":{"@id":"https:\/\/valentojobs.com\/#website"},"datePublished":"2021-11-30T11:17:09+00:00","dateModified":"2024-07-25T06:21:39+00:00","description":"Skorzystaj z tego formularza, aby poprosi\u0107 o natychmiastow\u0105 ofert\u0119 osobistej mediacji poprzez zatrudnienie, oddelegowanie lub rekrutacj\u0119.","breadcrumb":{"@id":"https:\/\/valentojobs.com\/vraag-een-offerte-aan\/#breadcrumb"},"inLanguage":"pl-PL","potentialAction":[{"@type":"ReadAction","target":["https:\/\/valentojobs.com\/vraag-een-offerte-aan\/"]}]},{"@type":"BreadcrumbList","@id":"https:\/\/valentojobs.com\/vraag-een-offerte-aan\/#breadcrumb","itemListElement":[{"@type":"ListItem","position":1,"name":"Home","item":"https:\/\/valentojobs.com\/"},{"@type":"ListItem","position":2,"name":"Vraag een offerte aan"}]},{"@type":"WebSite","@id":"https:\/\/valentojobs.com\/#website","url":"https:\/\/valentojobs.com\/","name":"Valento | Wakacje Budownictwo i In\u017cynieria","description":"Valento oferuje oferty pracy dla profesjonalist\u00f3w z bran\u017cy elastycznej, budowlanej i technicznej. Tymczasowo lub na sta\u0142e, od praktykanta do seniora.","publisher":{"@id":"https:\/\/valentojobs.com\/#organization"},"potentialAction":[{"@type":"SearchAction","target":{"@type":"EntryPoint","urlTemplate":"https:\/\/valentojobs.com\/?s={search_term_string}"},"query-input":{"@type":"PropertyValueSpecification","valueRequired":true,"valueName":"search_term_string"}}],"inLanguage":"pl-PL"},{"@type":"Organization","@id":"https:\/\/valentojobs.com\/#organization","name":"Valento Jobs B.V.","url":"https:\/\/valentojobs.com\/","logo":{"@type":"ImageObject","inLanguage":"pl-PL","@id":"https:\/\/valentojobs.com\/#\/schema\/logo\/image\/","url":"https:\/\/valentojobs.com\/wp-content\/uploads\/2022\/01\/logo.svg","contentUrl":"https:\/\/valentojobs.com\/wp-content\/uploads\/2022\/01\/logo.svg","width":"1024","height":"1024","caption":"Valento Jobs B.V."},"image":{"@id":"https:\/\/valentojobs.com\/#\/schema\/logo\/image\/"},"sameAs":["https:\/\/www.facebook.com\/valentojobs","https:\/\/www.instagram.com\/valento_jobs\/","https:\/\/www.linkedin.com\/company\/valento\/"]}]}},"_links":{"self":[{"href":"https:\/\/valentojobs.com\/pl\/wp-json\/wp\/v2\/pages\/1464","targetHints":{"allow":["GET"]}}],"collection":[{"href":"https:\/\/valentojobs.com\/pl\/wp-json\/wp\/v2\/pages"}],"about":[{"href":"https:\/\/valentojobs.com\/pl\/wp-json\/wp\/v2\/types\/page"}],"author":[{"embeddable":true,"href":"https:\/\/valentojobs.com\/pl\/wp-json\/wp\/v2\/users\/1"}],"replies":[{"embeddable":true,"href":"https:\/\/valentojobs.com\/pl\/wp-json\/wp\/v2\/comments?post=1464"}],"version-history":[{"count":8,"href":"https:\/\/valentojobs.com\/pl\/wp-json\/wp\/v2\/pages\/1464\/revisions"}],"predecessor-version":[{"id":3835,"href":"https:\/\/valentojobs.com\/pl\/wp-json\/wp\/v2\/pages\/1464\/revisions\/3835"}],"wp:attachment":[{"href":"https:\/\/valentojobs.com\/pl\/wp-json\/wp\/v2\/media?parent=1464"}],"curies":[{"name":"wp","href":"https:\/\/api.w.org\/{rel}","templated":true}]}}