{"id":2180,"date":"2022-06-14T15:54:28","date_gmt":"2022-06-14T13:54:28","guid":{"rendered":"https:\/\/valentojobs.com\/?page_id=2180"},"modified":"2024-11-06T11:46:46","modified_gmt":"2024-11-06T10:46:46","slug":"zzper-worden-in-de-bouw","status":"publish","type":"page","link":"https:\/\/valentojobs.com\/pl\/zzper-worden-in-de-bouw\/","title":{"rendered":"Samozatrudnienie w bran\u017cy budowlanej?"},"content":{"rendered":"","protected":false},"excerpt":{"rendered":"","protected":false},"author":3,"featured_media":0,"parent":0,"menu_order":0,"comment_status":"closed","ping_status":"closed","template":"","meta":{"_acf_changed":false,"footnotes":""},"class_list":["post-2180","page","type-page","status-publish","hentry"],"acf":[],"yoast_head":"<!-- This site is optimized with the Yoast SEO plugin v26.7 - https:\/\/yoast.com\/wordpress\/plugins\/seo\/ -->\n<title>ZZP&#039;er worden in de bouw? - Valento | Vacatures Bouw &amp; Techniek<\/title>\n<meta name=\"description\" content=\"Wij hebben alle ins en outs voor jou op een rij gezet waar jij als beginnend zzp&#039;er rekening mee moet houden.\" \/>\n<meta name=\"robots\" content=\"index, follow, max-snippet:-1, max-image-preview:large, max-video-preview:-1\" \/>\n<link rel=\"canonical\" href=\"https:\/\/valentojobs.com\/pl\/zzper-worden-in-de-bouw\/\" \/>\n<meta property=\"og:locale\" content=\"pl_PL\" \/>\n<meta property=\"og:type\" content=\"article\" \/>\n<meta property=\"og:title\" content=\"ZZP&#039;er worden in de bouw? - Valento | Vacatures Bouw &amp; Techniek\" \/>\n<meta property=\"og:description\" content=\"Wij hebben alle ins en outs voor jou op een rij gezet waar jij als beginnend zzp&#039;er rekening mee moet houden.\" \/>\n<meta property=\"og:url\" content=\"https:\/\/valentojobs.com\/pl\/zzper-worden-in-de-bouw\/\" \/>\n<meta property=\"og:site_name\" content=\"Valento | Vacatures Bouw &amp; Techniek\" \/>\n<meta property=\"article:publisher\" content=\"https:\/\/www.facebook.com\/valentojobs\" \/>\n<meta property=\"article:modified_time\" content=\"2024-11-06T10:46:46+00:00\" \/>\n<meta property=\"og:image\" content=\"https:\/\/valentojobs.com\/wp-content\/uploads\/2021\/11\/bedrijfspand-valento-jobs-sittard.jpg\" \/>\n\t<meta property=\"og:image:width\" content=\"800\" \/>\n\t<meta property=\"og:image:height\" content=\"600\" \/>\n\t<meta property=\"og:image:type\" content=\"image\/jpeg\" \/>\n<meta name=\"twitter:card\" content=\"summary_large_image\" \/>\n<script type=\"application\/ld+json\" class=\"yoast-schema-graph\">{\"@context\":\"https:\/\/schema.org\",\"@graph\":[{\"@type\":\"WebPage\",\"@id\":\"https:\/\/valentojobs.com\/zzper-worden-in-de-bouw\/\",\"url\":\"https:\/\/valentojobs.com\/zzper-worden-in-de-bouw\/\",\"name\":\"ZZP'er worden in de bouw? - Valento | Vacatures Bouw &amp; Techniek\",\"isPartOf\":{\"@id\":\"https:\/\/valentojobs.com\/#website\"},\"datePublished\":\"2022-06-14T13:54:28+00:00\",\"dateModified\":\"2024-11-06T10:46:46+00:00\",\"description\":\"Wij hebben alle ins en outs voor jou op een rij gezet waar jij als beginnend zzp'er rekening mee moet houden.\",\"breadcrumb\":{\"@id\":\"https:\/\/valentojobs.com\/zzper-worden-in-de-bouw\/#breadcrumb\"},\"inLanguage\":\"pl-PL\",\"potentialAction\":[{\"@type\":\"ReadAction\",\"target\":[\"https:\/\/valentojobs.com\/zzper-worden-in-de-bouw\/\"]}]},{\"@type\":\"BreadcrumbList\",\"@id\":\"https:\/\/valentojobs.com\/zzper-worden-in-de-bouw\/#breadcrumb\",\"itemListElement\":[{\"@type\":\"ListItem\",\"position\":1,\"name\":\"Home\",\"item\":\"https:\/\/valentojobs.com\/\"},{\"@type\":\"ListItem\",\"position\":2,\"name\":\"ZZP&#8217;er worden in de bouw?\"}]},{\"@type\":\"WebSite\",\"@id\":\"https:\/\/valentojobs.com\/#website\",\"url\":\"https:\/\/valentojobs.com\/\",\"name\":\"Valento | Vacatures Bouw &amp; Techniek\",\"description\":\"Valento biedt vacatures aan voor vakmensen in de flexbranche, bouw- en technieksector. Tijdelijk of permanent, van leerling tot senior.\",\"publisher\":{\"@id\":\"https:\/\/valentojobs.com\/#organization\"},\"potentialAction\":[{\"@type\":\"SearchAction\",\"target\":{\"@type\":\"EntryPoint\",\"urlTemplate\":\"https:\/\/valentojobs.com\/?s={search_term_string}\"},\"query-input\":{\"@type\":\"PropertyValueSpecification\",\"valueRequired\":true,\"valueName\":\"search_term_string\"}}],\"inLanguage\":\"pl-PL\"},{\"@type\":\"Organization\",\"@id\":\"https:\/\/valentojobs.com\/#organization\",\"name\":\"Valento Jobs B.V.\",\"url\":\"https:\/\/valentojobs.com\/\",\"logo\":{\"@type\":\"ImageObject\",\"inLanguage\":\"pl-PL\",\"@id\":\"https:\/\/valentojobs.com\/#\/schema\/logo\/image\/\",\"url\":\"https:\/\/valentojobs.com\/wp-content\/uploads\/2022\/01\/logo.svg\",\"contentUrl\":\"https:\/\/valentojobs.com\/wp-content\/uploads\/2022\/01\/logo.svg\",\"width\":\"1024\",\"height\":\"1024\",\"caption\":\"Valento Jobs B.V.\"},\"image\":{\"@id\":\"https:\/\/valentojobs.com\/#\/schema\/logo\/image\/\"},\"sameAs\":[\"https:\/\/www.facebook.com\/valentojobs\",\"https:\/\/www.instagram.com\/valento_jobs\/\",\"https:\/\/www.linkedin.com\/company\/valento\/\"]}]}<\/script>\n<!-- \/ Yoast SEO plugin. -->","yoast_head_json":{"title":"Samozatrudnienie w bran\u017cy budowlanej? - Valento | Oferty pracy w budownictwie i in\u017cynierii","description":"Wymienili\u015bmy dla Ciebie wszystkie tajniki, kt\u00f3re musisz wzi\u0105\u0107 pod uwag\u0119 jako osoba rozpoczynaj\u0105ca dzia\u0142alno\u015b\u0107 na w\u0142asny rachunek.","robots":{"index":"index","follow":"follow","max-snippet":"max-snippet:-1","max-image-preview":"max-image-preview:large","max-video-preview":"max-video-preview:-1"},"canonical":"https:\/\/valentojobs.com\/pl\/zzper-worden-in-de-bouw\/","og_locale":"pl_PL","og_type":"article","og_title":"ZZP'er worden in de bouw? - Valento | Vacatures Bouw &amp; Techniek","og_description":"Wij hebben alle ins en outs voor jou op een rij gezet waar jij als beginnend zzp'er rekening mee moet houden.","og_url":"https:\/\/valentojobs.com\/pl\/zzper-worden-in-de-bouw\/","og_site_name":"Valento | Vacatures Bouw &amp; Techniek","article_publisher":"https:\/\/www.facebook.com\/valentojobs","article_modified_time":"2024-11-06T10:46:46+00:00","og_image":[{"width":800,"height":600,"url":"https:\/\/valentojobs.com\/wp-content\/uploads\/2021\/11\/bedrijfspand-valento-jobs-sittard.jpg","type":"image\/jpeg"}],"twitter_card":"summary_large_image","schema":{"@context":"https:\/\/schema.org","@graph":[{"@type":"WebPage","@id":"https:\/\/valentojobs.com\/zzper-worden-in-de-bouw\/","url":"https:\/\/valentojobs.com\/zzper-worden-in-de-bouw\/","name":"Samozatrudnienie w bran\u017cy budowlanej? - Valento | Oferty pracy w budownictwie i in\u017cynierii","isPartOf":{"@id":"https:\/\/valentojobs.com\/#website"},"datePublished":"2022-06-14T13:54:28+00:00","dateModified":"2024-11-06T10:46:46+00:00","description":"Wymienili\u015bmy dla Ciebie wszystkie tajniki, kt\u00f3re musisz wzi\u0105\u0107 pod uwag\u0119 jako osoba rozpoczynaj\u0105ca dzia\u0142alno\u015b\u0107 na w\u0142asny rachunek.","breadcrumb":{"@id":"https:\/\/valentojobs.com\/zzper-worden-in-de-bouw\/#breadcrumb"},"inLanguage":"pl-PL","potentialAction":[{"@type":"ReadAction","target":["https:\/\/valentojobs.com\/zzper-worden-in-de-bouw\/"]}]},{"@type":"BreadcrumbList","@id":"https:\/\/valentojobs.com\/zzper-worden-in-de-bouw\/#breadcrumb","itemListElement":[{"@type":"ListItem","position":1,"name":"Home","item":"https:\/\/valentojobs.com\/"},{"@type":"ListItem","position":2,"name":"ZZP&#8217;er worden in de bouw?"}]},{"@type":"WebSite","@id":"https:\/\/valentojobs.com\/#website","url":"https:\/\/valentojobs.com\/","name":"Valento | Wakacje Budownictwo i In\u017cynieria","description":"Valento oferuje oferty pracy dla profesjonalist\u00f3w z bran\u017cy elastycznej, budowlanej i technicznej. Tymczasowo lub na sta\u0142e, od praktykanta do seniora.","publisher":{"@id":"https:\/\/valentojobs.com\/#organization"},"potentialAction":[{"@type":"SearchAction","target":{"@type":"EntryPoint","urlTemplate":"https:\/\/valentojobs.com\/?s={search_term_string}"},"query-input":{"@type":"PropertyValueSpecification","valueRequired":true,"valueName":"search_term_string"}}],"inLanguage":"pl-PL"},{"@type":"Organization","@id":"https:\/\/valentojobs.com\/#organization","name":"Valento Jobs B.V.","url":"https:\/\/valentojobs.com\/","logo":{"@type":"ImageObject","inLanguage":"pl-PL","@id":"https:\/\/valentojobs.com\/#\/schema\/logo\/image\/","url":"https:\/\/valentojobs.com\/wp-content\/uploads\/2022\/01\/logo.svg","contentUrl":"https:\/\/valentojobs.com\/wp-content\/uploads\/2022\/01\/logo.svg","width":"1024","height":"1024","caption":"Valento Jobs B.V."},"image":{"@id":"https:\/\/valentojobs.com\/#\/schema\/logo\/image\/"},"sameAs":["https:\/\/www.facebook.com\/valentojobs","https:\/\/www.instagram.com\/valento_jobs\/","https:\/\/www.linkedin.com\/company\/valento\/"]}]}},"_links":{"self":[{"href":"https:\/\/valentojobs.com\/pl\/wp-json\/wp\/v2\/pages\/2180","targetHints":{"allow":["GET"]}}],"collection":[{"href":"https:\/\/valentojobs.com\/pl\/wp-json\/wp\/v2\/pages"}],"about":[{"href":"https:\/\/valentojobs.com\/pl\/wp-json\/wp\/v2\/types\/page"}],"author":[{"embeddable":true,"href":"https:\/\/valentojobs.com\/pl\/wp-json\/wp\/v2\/users\/3"}],"replies":[{"embeddable":true,"href":"https:\/\/valentojobs.com\/pl\/wp-json\/wp\/v2\/comments?post=2180"}],"version-history":[{"count":107,"href":"https:\/\/valentojobs.com\/pl\/wp-json\/wp\/v2\/pages\/2180\/revisions"}],"predecessor-version":[{"id":4229,"href":"https:\/\/valentojobs.com\/pl\/wp-json\/wp\/v2\/pages\/2180\/revisions\/4229"}],"wp:attachment":[{"href":"https:\/\/valentojobs.com\/pl\/wp-json\/wp\/v2\/media?parent=2180"}],"curies":[{"name":"wp","href":"https:\/\/api.w.org\/{rel}","templated":true}]}}